{"id":298,"date":"2020-11-09T10:28:50","date_gmt":"2020-11-09T10:28:50","guid":{"rendered":"https:\/\/www.cykelsemester.se\/cykeluthyrning\/varukorg\/"},"modified":"2022-05-24T14:28:18","modified_gmt":"2022-05-24T14:28:18","slug":"varukorg","status":"publish","type":"page","link":"https:\/\/www.cykelsemester.se\/cykeluthyrning\/varukorg\/","title":{"rendered":"Varukorg"},"content":{"rendered":"\n\t<div id=\"col-2007893789\" class=\"col small-12 large-12\"  >\n\t\t\t\t<div class=\"col-inner\"  >\n\t\t\t\n\t\t\t\r\n\r\n<p style=\"text-align: center;\"><strong>Om du \u00e4r p\u00e5 v\u00e4g att boka b\u00e5t- eller cykelpaket, <a href=\"https:\/\/www.cykelsemester.se\/varukorg\/\">se bokningar i varukorgen genom att klicka h\u00e4r f\u00f6r att slutf\u00f6ra<\/a><\/strong><\/p>\r\n\r\n\t\t<\/div>\n\t\t\t\t\t<\/div>\n\n\t\r\n\r\n[\/row]","protected":false},"excerpt":{"rendered":"[\/row]\n","protected":false},"author":1,"featured_media":0,"parent":0,"menu_order":0,"comment_status":"closed","ping_status":"closed","template":"","meta":{"_acf_changed":false,"footnotes":""},"class_list":["post-298","page","type-page","status-publish","hentry"],"acf":[],"yoast_head":"<!-- This site is optimized with the Yoast SEO plugin v24.5 - https:\/\/yoast.com\/wordpress\/plugins\/seo\/ -->\n<title>Varukorg - Cykelsemester | Cykla G\u00f6ta kanal med start i Sj\u00f6torp vid V\u00e4nern<\/title>\n<meta name=\"robots\" content=\"index, follow, max-snippet:-1, max-image-preview:large, max-video-preview:-1\" \/>\n<link rel=\"canonical\" href=\"https:\/\/www.cykelsemester.se\/cykeluthyrning\/varukorg\/\" \/>\n<meta property=\"og:locale\" content=\"sv_SE\" \/>\n<meta property=\"og:type\" content=\"article\" \/>\n<meta property=\"og:title\" content=\"Varukorg - Cykelsemester | Cykla G\u00f6ta kanal med start i Sj\u00f6torp vid V\u00e4nern\" \/>\n<meta property=\"og:description\" content=\"[\/row]\" \/>\n<meta property=\"og:url\" content=\"https:\/\/www.cykelsemester.se\/cykeluthyrning\/varukorg\/\" \/>\n<meta property=\"og:site_name\" content=\"Cykelsemester | Cykla G\u00f6ta kanal med start i Sj\u00f6torp vid V\u00e4nern\" \/>\n<meta property=\"article:modified_time\" content=\"2022-05-24T14:28:18+00:00\" \/>\n<meta name=\"twitter:card\" content=\"summary_large_image\" \/>\n<script type=\"application\/ld+json\" class=\"yoast-schema-graph\">{\"@context\":\"https:\/\/schema.org\",\"@graph\":[{\"@type\":\"WebPage\",\"@id\":\"https:\/\/www.cykelsemester.se\/cykeluthyrning\/varukorg\/\",\"url\":\"https:\/\/www.cykelsemester.se\/cykeluthyrning\/varukorg\/\",\"name\":\"Varukorg - Cykelsemester | Cykla G\u00f6ta kanal med start i Sj\u00f6torp vid V\u00e4nern\",\"isPartOf\":{\"@id\":\"https:\/\/www.cykelsemester.se\/cykeluthyrning\/#website\"},\"datePublished\":\"2020-11-09T10:28:50+00:00\",\"dateModified\":\"2022-05-24T14:28:18+00:00\",\"breadcrumb\":{\"@id\":\"https:\/\/www.cykelsemester.se\/cykeluthyrning\/varukorg\/#breadcrumb\"},\"inLanguage\":\"sv-SE\",\"potentialAction\":[{\"@type\":\"ReadAction\",\"target\":[\"https:\/\/www.cykelsemester.se\/cykeluthyrning\/varukorg\/\"]}]},{\"@type\":\"BreadcrumbList\",\"@id\":\"https:\/\/www.cykelsemester.se\/cykeluthyrning\/varukorg\/#breadcrumb\",\"itemListElement\":[{\"@type\":\"ListItem\",\"position\":1,\"name\":\"Hem\",\"item\":\"https:\/\/www.cykelsemester.se\/cykeluthyrning\/\"},{\"@type\":\"ListItem\",\"position\":2,\"name\":\"Varukorg\"}]},{\"@type\":\"WebSite\",\"@id\":\"https:\/\/www.cykelsemester.se\/cykeluthyrning\/#website\",\"url\":\"https:\/\/www.cykelsemester.se\/cykeluthyrning\/\",\"name\":\"Cykelsemester | Cykla G\u00f6ta kanal med start i Sj\u00f6torp vid V\u00e4nern\",\"description\":\"\",\"publisher\":{\"@id\":\"https:\/\/www.cykelsemester.se\/cykeluthyrning\/#organization\"},\"potentialAction\":[{\"@type\":\"SearchAction\",\"target\":{\"@type\":\"EntryPoint\",\"urlTemplate\":\"https:\/\/www.cykelsemester.se\/cykeluthyrning\/?s={search_term_string}\"},\"query-input\":{\"@type\":\"PropertyValueSpecification\",\"valueRequired\":true,\"valueName\":\"search_term_string\"}}],\"inLanguage\":\"sv-SE\"},{\"@type\":\"Organization\",\"@id\":\"https:\/\/www.cykelsemester.se\/cykeluthyrning\/#organization\",\"name\":\"Sj\u00f6torps Cykeluthyrning AB\",\"url\":\"https:\/\/www.cykelsemester.se\/cykeluthyrning\/\",\"logo\":{\"@type\":\"ImageObject\",\"inLanguage\":\"sv-SE\",\"@id\":\"https:\/\/www.cykelsemester.se\/cykeluthyrning\/#\/schema\/logo\/image\/\",\"url\":\"https:\/\/www.cykelsemester.se\/cykeluthyrning\/wp-content\/uploads\/cykelsemesterlogo.png\",\"contentUrl\":\"https:\/\/www.cykelsemester.se\/cykeluthyrning\/wp-content\/uploads\/cykelsemesterlogo.png\",\"width\":464,\"height\":142,\"caption\":\"Sj\u00f6torps Cykeluthyrning AB\"},\"image\":{\"@id\":\"https:\/\/www.cykelsemester.se\/cykeluthyrning\/#\/schema\/logo\/image\/\"}}]}<\/script>\n<!-- \/ Yoast SEO plugin. -->","yoast_head_json":{"title":"Varukorg - Cykelsemester | Cykla G\u00f6ta kanal med start i Sj\u00f6torp vid V\u00e4nern","robots":{"index":"index","follow":"follow","max-snippet":"max-snippet:-1","max-image-preview":"max-image-preview:large","max-video-preview":"max-video-preview:-1"},"canonical":"https:\/\/www.cykelsemester.se\/cykeluthyrning\/varukorg\/","og_locale":"sv_SE","og_type":"article","og_title":"Varukorg - Cykelsemester | Cykla G\u00f6ta kanal med start i Sj\u00f6torp vid V\u00e4nern","og_description":"[\/row]","og_url":"https:\/\/www.cykelsemester.se\/cykeluthyrning\/varukorg\/","og_site_name":"Cykelsemester | Cykla G\u00f6ta kanal med start i Sj\u00f6torp vid V\u00e4nern","article_modified_time":"2022-05-24T14:28:18+00:00","twitter_card":"summary_large_image","schema":{"@context":"https:\/\/schema.org","@graph":[{"@type":"WebPage","@id":"https:\/\/www.cykelsemester.se\/cykeluthyrning\/varukorg\/","url":"https:\/\/www.cykelsemester.se\/cykeluthyrning\/varukorg\/","name":"Varukorg - Cykelsemester | Cykla G\u00f6ta kanal med start i Sj\u00f6torp vid V\u00e4nern","isPartOf":{"@id":"https:\/\/www.cykelsemester.se\/cykeluthyrning\/#website"},"datePublished":"2020-11-09T10:28:50+00:00","dateModified":"2022-05-24T14:28:18+00:00","breadcrumb":{"@id":"https:\/\/www.cykelsemester.se\/cykeluthyrning\/varukorg\/#breadcrumb"},"inLanguage":"sv-SE","potentialAction":[{"@type":"ReadAction","target":["https:\/\/www.cykelsemester.se\/cykeluthyrning\/varukorg\/"]}]},{"@type":"BreadcrumbList","@id":"https:\/\/www.cykelsemester.se\/cykeluthyrning\/varukorg\/#breadcrumb","itemListElement":[{"@type":"ListItem","position":1,"name":"Hem","item":"https:\/\/www.cykelsemester.se\/cykeluthyrning\/"},{"@type":"ListItem","position":2,"name":"Varukorg"}]},{"@type":"WebSite","@id":"https:\/\/www.cykelsemester.se\/cykeluthyrning\/#website","url":"https:\/\/www.cykelsemester.se\/cykeluthyrning\/","name":"Cykelsemester | Cykla G\u00f6ta kanal med start i Sj\u00f6torp vid V\u00e4nern","description":"","publisher":{"@id":"https:\/\/www.cykelsemester.se\/cykeluthyrning\/#organization"},"potentialAction":[{"@type":"SearchAction","target":{"@type":"EntryPoint","urlTemplate":"https:\/\/www.cykelsemester.se\/cykeluthyrning\/?s={search_term_string}"},"query-input":{"@type":"PropertyValueSpecification","valueRequired":true,"valueName":"search_term_string"}}],"inLanguage":"sv-SE"},{"@type":"Organization","@id":"https:\/\/www.cykelsemester.se\/cykeluthyrning\/#organization","name":"Sj\u00f6torps Cykeluthyrning AB","url":"https:\/\/www.cykelsemester.se\/cykeluthyrning\/","logo":{"@type":"ImageObject","inLanguage":"sv-SE","@id":"https:\/\/www.cykelsemester.se\/cykeluthyrning\/#\/schema\/logo\/image\/","url":"https:\/\/www.cykelsemester.se\/cykeluthyrning\/wp-content\/uploads\/cykelsemesterlogo.png","contentUrl":"https:\/\/www.cykelsemester.se\/cykeluthyrning\/wp-content\/uploads\/cykelsemesterlogo.png","width":464,"height":142,"caption":"Sj\u00f6torps Cykeluthyrning AB"},"image":{"@id":"https:\/\/www.cykelsemester.se\/cykeluthyrning\/#\/schema\/logo\/image\/"}}]}},"_links":{"self":[{"href":"https:\/\/www.cykelsemester.se\/cykeluthyrning\/wp-json\/wp\/v2\/pages\/298","targetHints":{"allow":["GET"]}}],"collection":[{"href":"https:\/\/www.cykelsemester.se\/cykeluthyrning\/wp-json\/wp\/v2\/pages"}],"about":[{"href":"https:\/\/www.cykelsemester.se\/cykeluthyrning\/wp-json\/wp\/v2\/types\/page"}],"author":[{"embeddable":true,"href":"https:\/\/www.cykelsemester.se\/cykeluthyrning\/wp-json\/wp\/v2\/users\/1"}],"replies":[{"embeddable":true,"href":"https:\/\/www.cykelsemester.se\/cykeluthyrning\/wp-json\/wp\/v2\/comments?post=298"}],"version-history":[{"count":2,"href":"https:\/\/www.cykelsemester.se\/cykeluthyrning\/wp-json\/wp\/v2\/pages\/298\/revisions"}],"predecessor-version":[{"id":1431,"href":"https:\/\/www.cykelsemester.se\/cykeluthyrning\/wp-json\/wp\/v2\/pages\/298\/revisions\/1431"}],"wp:attachment":[{"href":"https:\/\/www.cykelsemester.se\/cykeluthyrning\/wp-json\/wp\/v2\/media?parent=298"}],"curies":[{"name":"wp","href":"https:\/\/api.w.org\/{rel}","templated":true}]}}