{"id":300,"date":"2020-11-09T10:30:20","date_gmt":"2020-11-09T10:30:20","guid":{"rendered":"https:\/\/www.cykelsemester.se\/cykeluthyrning\/mitt-konto\/"},"modified":"2020-11-09T10:30:20","modified_gmt":"2020-11-09T10:30:20","slug":"mitt-konto","status":"publish","type":"page","link":"https:\/\/www.cykelsemester.se\/cykeluthyrning\/mitt-konto\/","title":{"rendered":"Mitt konto"},"content":{"rendered":"<div class=\"woocommerce\"><\/div>","protected":false},"excerpt":{"rendered":"","protected":false},"author":1,"featured_media":0,"parent":0,"menu_order":0,"comment_status":"closed","ping_status":"closed","template":"","meta":{"_acf_changed":false,"footnotes":""},"class_list":["post-300","page","type-page","status-publish","hentry"],"acf":[],"yoast_head":"<!-- This site is optimized with the Yoast SEO plugin v24.5 - https:\/\/yoast.com\/wordpress\/plugins\/seo\/ -->\n<title>Mitt konto - Cykelsemester | Cykla G\u00f6ta kanal med start i Sj\u00f6torp vid V\u00e4nern<\/title>\n<meta name=\"robots\" content=\"index, follow, max-snippet:-1, max-image-preview:large, max-video-preview:-1\" \/>\n<link rel=\"canonical\" href=\"https:\/\/www.cykelsemester.se\/cykeluthyrning\/mitt-konto\/\" \/>\n<meta property=\"og:locale\" content=\"sv_SE\" \/>\n<meta property=\"og:type\" content=\"article\" \/>\n<meta property=\"og:title\" content=\"Mitt konto - Cykelsemester | Cykla G\u00f6ta kanal med start i Sj\u00f6torp vid V\u00e4nern\" \/>\n<meta property=\"og:url\" content=\"https:\/\/www.cykelsemester.se\/cykeluthyrning\/mitt-konto\/\" \/>\n<meta property=\"og:site_name\" content=\"Cykelsemester | Cykla G\u00f6ta kanal med start i Sj\u00f6torp vid V\u00e4nern\" \/>\n<meta name=\"twitter:card\" content=\"summary_large_image\" \/>\n<script type=\"application\/ld+json\" class=\"yoast-schema-graph\">{\"@context\":\"https:\/\/schema.org\",\"@graph\":[{\"@type\":\"WebPage\",\"@id\":\"https:\/\/www.cykelsemester.se\/cykeluthyrning\/mitt-konto\/\",\"url\":\"https:\/\/www.cykelsemester.se\/cykeluthyrning\/mitt-konto\/\",\"name\":\"Mitt konto - Cykelsemester | Cykla G\u00f6ta kanal med start i Sj\u00f6torp vid V\u00e4nern\",\"isPartOf\":{\"@id\":\"https:\/\/www.cykelsemester.se\/cykeluthyrning\/#website\"},\"datePublished\":\"2020-11-09T10:30:20+00:00\",\"breadcrumb\":{\"@id\":\"https:\/\/www.cykelsemester.se\/cykeluthyrning\/mitt-konto\/#breadcrumb\"},\"inLanguage\":\"sv-SE\",\"potentialAction\":[{\"@type\":\"ReadAction\",\"target\":[\"https:\/\/www.cykelsemester.se\/cykeluthyrning\/mitt-konto\/\"]}]},{\"@type\":\"BreadcrumbList\",\"@id\":\"https:\/\/www.cykelsemester.se\/cykeluthyrning\/mitt-konto\/#breadcrumb\",\"itemListElement\":[{\"@type\":\"ListItem\",\"position\":1,\"name\":\"Hem\",\"item\":\"https:\/\/www.cykelsemester.se\/cykeluthyrning\/\"},{\"@type\":\"ListItem\",\"position\":2,\"name\":\"Mitt konto\"}]},{\"@type\":\"WebSite\",\"@id\":\"https:\/\/www.cykelsemester.se\/cykeluthyrning\/#website\",\"url\":\"https:\/\/www.cykelsemester.se\/cykeluthyrning\/\",\"name\":\"Cykelsemester | Cykla G\u00f6ta kanal med start i Sj\u00f6torp vid V\u00e4nern\",\"description\":\"\",\"publisher\":{\"@id\":\"https:\/\/www.cykelsemester.se\/cykeluthyrning\/#organization\"},\"potentialAction\":[{\"@type\":\"SearchAction\",\"target\":{\"@type\":\"EntryPoint\",\"urlTemplate\":\"https:\/\/www.cykelsemester.se\/cykeluthyrning\/?s={search_term_string}\"},\"query-input\":{\"@type\":\"PropertyValueSpecification\",\"valueRequired\":true,\"valueName\":\"search_term_string\"}}],\"inLanguage\":\"sv-SE\"},{\"@type\":\"Organization\",\"@id\":\"https:\/\/www.cykelsemester.se\/cykeluthyrning\/#organization\",\"name\":\"Sj\u00f6torps Cykeluthyrning AB\",\"url\":\"https:\/\/www.cykelsemester.se\/cykeluthyrning\/\",\"logo\":{\"@type\":\"ImageObject\",\"inLanguage\":\"sv-SE\",\"@id\":\"https:\/\/www.cykelsemester.se\/cykeluthyrning\/#\/schema\/logo\/image\/\",\"url\":\"https:\/\/www.cykelsemester.se\/cykeluthyrning\/wp-content\/uploads\/cykelsemesterlogo.png\",\"contentUrl\":\"https:\/\/www.cykelsemester.se\/cykeluthyrning\/wp-content\/uploads\/cykelsemesterlogo.png\",\"width\":464,\"height\":142,\"caption\":\"Sj\u00f6torps Cykeluthyrning AB\"},\"image\":{\"@id\":\"https:\/\/www.cykelsemester.se\/cykeluthyrning\/#\/schema\/logo\/image\/\"}}]}<\/script>\n<!-- \/ Yoast SEO plugin. -->","yoast_head_json":{"title":"Mitt konto - Cykelsemester | Cykla G\u00f6ta kanal med start i Sj\u00f6torp vid V\u00e4nern","robots":{"index":"index","follow":"follow","max-snippet":"max-snippet:-1","max-image-preview":"max-image-preview:large","max-video-preview":"max-video-preview:-1"},"canonical":"https:\/\/www.cykelsemester.se\/cykeluthyrning\/mitt-konto\/","og_locale":"sv_SE","og_type":"article","og_title":"Mitt konto - Cykelsemester | Cykla G\u00f6ta kanal med start i Sj\u00f6torp vid V\u00e4nern","og_url":"https:\/\/www.cykelsemester.se\/cykeluthyrning\/mitt-konto\/","og_site_name":"Cykelsemester | Cykla G\u00f6ta kanal med start i Sj\u00f6torp vid V\u00e4nern","twitter_card":"summary_large_image","schema":{"@context":"https:\/\/schema.org","@graph":[{"@type":"WebPage","@id":"https:\/\/www.cykelsemester.se\/cykeluthyrning\/mitt-konto\/","url":"https:\/\/www.cykelsemester.se\/cykeluthyrning\/mitt-konto\/","name":"Mitt konto - Cykelsemester | Cykla G\u00f6ta kanal med start i Sj\u00f6torp vid V\u00e4nern","isPartOf":{"@id":"https:\/\/www.cykelsemester.se\/cykeluthyrning\/#website"},"datePublished":"2020-11-09T10:30:20+00:00","breadcrumb":{"@id":"https:\/\/www.cykelsemester.se\/cykeluthyrning\/mitt-konto\/#breadcrumb"},"inLanguage":"sv-SE","potentialAction":[{"@type":"ReadAction","target":["https:\/\/www.cykelsemester.se\/cykeluthyrning\/mitt-konto\/"]}]},{"@type":"BreadcrumbList","@id":"https:\/\/www.cykelsemester.se\/cykeluthyrning\/mitt-konto\/#breadcrumb","itemListElement":[{"@type":"ListItem","position":1,"name":"Hem","item":"https:\/\/www.cykelsemester.se\/cykeluthyrning\/"},{"@type":"ListItem","position":2,"name":"Mitt konto"}]},{"@type":"WebSite","@id":"https:\/\/www.cykelsemester.se\/cykeluthyrning\/#website","url":"https:\/\/www.cykelsemester.se\/cykeluthyrning\/","name":"Cykelsemester | Cykla G\u00f6ta kanal med start i Sj\u00f6torp vid V\u00e4nern","description":"","publisher":{"@id":"https:\/\/www.cykelsemester.se\/cykeluthyrning\/#organization"},"potentialAction":[{"@type":"SearchAction","target":{"@type":"EntryPoint","urlTemplate":"https:\/\/www.cykelsemester.se\/cykeluthyrning\/?s={search_term_string}"},"query-input":{"@type":"PropertyValueSpecification","valueRequired":true,"valueName":"search_term_string"}}],"inLanguage":"sv-SE"},{"@type":"Organization","@id":"https:\/\/www.cykelsemester.se\/cykeluthyrning\/#organization","name":"Sj\u00f6torps Cykeluthyrning AB","url":"https:\/\/www.cykelsemester.se\/cykeluthyrning\/","logo":{"@type":"ImageObject","inLanguage":"sv-SE","@id":"https:\/\/www.cykelsemester.se\/cykeluthyrning\/#\/schema\/logo\/image\/","url":"https:\/\/www.cykelsemester.se\/cykeluthyrning\/wp-content\/uploads\/cykelsemesterlogo.png","contentUrl":"https:\/\/www.cykelsemester.se\/cykeluthyrning\/wp-content\/uploads\/cykelsemesterlogo.png","width":464,"height":142,"caption":"Sj\u00f6torps Cykeluthyrning AB"},"image":{"@id":"https:\/\/www.cykelsemester.se\/cykeluthyrning\/#\/schema\/logo\/image\/"}}]}},"_links":{"self":[{"href":"https:\/\/www.cykelsemester.se\/cykeluthyrning\/wp-json\/wp\/v2\/pages\/300","targetHints":{"allow":["GET"]}}],"collection":[{"href":"https:\/\/www.cykelsemester.se\/cykeluthyrning\/wp-json\/wp\/v2\/pages"}],"about":[{"href":"https:\/\/www.cykelsemester.se\/cykeluthyrning\/wp-json\/wp\/v2\/types\/page"}],"author":[{"embeddable":true,"href":"https:\/\/www.cykelsemester.se\/cykeluthyrning\/wp-json\/wp\/v2\/users\/1"}],"replies":[{"embeddable":true,"href":"https:\/\/www.cykelsemester.se\/cykeluthyrning\/wp-json\/wp\/v2\/comments?post=300"}],"version-history":[{"count":0,"href":"https:\/\/www.cykelsemester.se\/cykeluthyrning\/wp-json\/wp\/v2\/pages\/300\/revisions"}],"wp:attachment":[{"href":"https:\/\/www.cykelsemester.se\/cykeluthyrning\/wp-json\/wp\/v2\/media?parent=300"}],"curies":[{"name":"wp","href":"https:\/\/api.w.org\/{rel}","templated":true}]}}