{"id":886,"date":"2021-06-16T08:34:50","date_gmt":"2021-06-16T08:34:50","guid":{"rendered":"https:\/\/www.cykelsemester.se\/cykeluthyrning\/?post_type=product&#038;p=886"},"modified":"2026-01-27T08:17:13","modified_gmt":"2026-01-27T08:17:13","slug":"bokning-av-cyklar-och-tillbehor","status":"publish","type":"product","link":"https:\/\/www.cykelsemester.se\/cykeluthyrning\/produkt\/bokning-av-cyklar-och-tillbehor\/","title":{"rendered":"Bokning av cyklar och tillbeh\u00f6r"},"content":{"rendered":"<div class=\"fusion-text fusion-text-1\">\n<p><strong>H\u00e4r best\u00e4ller du antalet cyklar f\u00f6r din cykling l\u00e4ngs G\u00f6ta kanal. <\/strong>Du kan v\u00e4lja alltifr\u00e5n att cykla \u00f6ver dagen eller cykla i en hel vecka. All betalning sker p\u00e5 plats i Sj\u00f6torp med kort, kontant eller Swish. Vi har \u00f6ver 350 cyklar.<\/p>\n<p><strong>Vid hyra av cykel ing\u00e5r cykelservice mellan kl. 09.30 \u2013 17.30 vid eventuella problem t.ex punktering<\/strong>.<\/p>\n<p><strong>Cyklar: Svenska cyklar av h\u00f6g kvalit\u00e9t!\u00a0<\/strong><\/p>\n<p><span style=\"font-size: 14.4px;\"><strong>Vuxen:<\/strong> Cyklarna \u00e4r r\u00f6da 3 v\u00e4xlade damcyklar med paketh\u00e5llare och fotbroms samt handbroms, de vuxna cyklarna har ocks\u00e5 cykelkorg och alla cyklar \u00e4r av mycket bra kvalitet.<\/span><\/p>\n<p><strong>Barn:<\/strong> Vi har 80 st cyklar anpassade f\u00f6r barn. V\u00e4lj mellan 16, 20, 24 eller 26 tum. Vid bokning uppge vilken storlek alternativt l\u00e4ngd p\u00e5 barnen.<\/p>\n<p><strong>Elcyklar:\u00a0<\/strong>Vi har elcyklar f\u00f6r uthyrning. Dessa \u00e4r 28 tum och l\u00e4mpar sig f\u00f6r vuxen \/ ungdom och har cykelkorg samt paketh\u00e5llare. Man kommer cirka 8 mil p\u00e5 en laddning och f\u00e5r med sig laddare vid bokning.<\/p>\n<p><strong>Tillbeh\u00f6r:\u00a0<\/strong>Vi erbjuder cykelk\u00e4rror f\u00f6r barn\/ hund eller packning, hj\u00e4lmar och packv\u00e4skor f\u00f6r uthyrning. Cykelk\u00e4rrorna har en maxvikt p\u00e5 35 kg. Packv\u00e4skorna \u00e4r dubbla och rymmer cirka 35 liter och \u00e4r platta s\u00e5 det g\u00e5r fint att sp\u00e4nna p\u00e5 en ryggs\u00e4ck \u00f6ver.<\/p>\n<p><strong>Parkering<\/strong>: I Sj\u00f6torp finner du gratis parkeringar p\u00e5 S\u00f6dra sidan av kanalen p\u00e5 en gr\u00e4splan p\u00e5 v\u00e4nster sida om Pensionat Kajutan.<\/p>\n<p>Det finns \u00e4ven en parkering precis vid cykeluthyrningen som kostar 5 kr \/ timme.<\/p>\n<p><strong>L\u00e4mna cykel p\u00e5 annan plats:\u00a0<\/strong>Uppge vid bokning som meddelande om du \u00f6nskar l\u00e4mna cykel p\u00e5 annan plats:<\/p>\n<p><strong>Lyrestad\u00a0<\/strong>\u00a0 \u00a0 \u00a0 \u00a0 \u00a0 100 kr extra \/ person<\/p>\n<p><strong>Norrqvarn<\/strong>\u00a0 \u00a0 \u00a0 \u00a0 100 kr extra \/ person<\/p>\n<p><strong>Hajstorp<\/strong>\u00a0 \u00a0 \u00a0 \u00a0 \u00a0 \u00a0150 kr extra \/ person<\/p>\n<p><strong>T\u00f6reboda<\/strong>\u00a0 \u00a0 \u00a0 \u00a0 \u00a0200 kr extra \/ person<\/p>\n<p><strong>Jonsboda<\/strong>\u00a0 \u00a0 \u00a0 \u00a0 250 kr extra \/ person<\/p>\n<p><strong>Wassbacken<\/strong>\u00a0 \u00a0250 kr extra \/ person<\/p>\n<p><strong>T\u00e5torp<\/strong>\u00a0 \u00a0 \u00a0 \u00a0 \u00a0 \u00a0 \u00a0 300 kr extra \/ person<\/p>\n<p><strong>Forsvik\u00a0<\/strong>\u00a0 \u00a0 \u00a0 \u00a0 \u00a0 \u00a0300 kr extra \/ person<\/p>\n<p><strong>Karlsborg<\/strong>\u00a0 \u00a0 \u00a0 \u00a0400 kr extra \/ person<\/p>\n<p><strong>Cyklar som bokas via hemsidan, telefon eller mail reserverar vi till kl 12:00. Sedan \u00e4r dessa inte l\u00e4ngre reserverade om inget annat \u00e4r \u00f6verenskommet<\/strong><\/p>\n<\/div>\n","protected":false},"excerpt":{"rendered":"<p>H\u00e4r best\u00e4ller du antalet cyklar f\u00f6r din cykling l\u00e4ngs G\u00f6ta kanal. Du kan v\u00e4lja alltifr\u00e5n att cykla \u00f6ver dagen eller cykla i en hel vecka. All betalning sker p\u00e5 plats i Sj\u00f6torp med kort, kontant eller Swish. Vi har \u00f6ver 350 cyklar. Vid hyra av cykel ing\u00e5r cykelservice mellan kl. 09.30 \u2013 17.30 vid eventuella [&#8230;]\n","protected":false},"featured_media":1019,"template":"","meta":{"_acf_changed":false},"product_brand":[],"product_cat":[81],"product_tag":[],"class_list":{"0":"post-886","1":"product","2":"type-product","3":"status-publish","4":"has-post-thumbnail","6":"product_cat-cykelhyra","8":"first","9":"instock","10":"virtual","11":"taxable","12":"purchasable","13":"product-type-phive_booking"},"acf":[],"yoast_head":"<!-- This site is optimized with the Yoast SEO plugin v24.5 - https:\/\/yoast.com\/wordpress\/plugins\/seo\/ -->\n<title>Bokning av cyklar och tillbeh\u00f6r - Cykelsemester | Cykla G\u00f6ta kanal med start i Sj\u00f6torp vid V\u00e4nern<\/title>\n<meta name=\"robots\" content=\"index, follow, max-snippet:-1, max-image-preview:large, max-video-preview:-1\" \/>\n<link rel=\"canonical\" href=\"https:\/\/www.cykelsemester.se\/cykeluthyrning\/produkt\/bokning-av-cyklar-och-tillbehor\/\" \/>\n<meta property=\"og:locale\" content=\"sv_SE\" \/>\n<meta property=\"og:type\" content=\"article\" \/>\n<meta property=\"og:title\" content=\"Bokning av cyklar och tillbeh\u00f6r - Cykelsemester | Cykla G\u00f6ta kanal med start i Sj\u00f6torp vid V\u00e4nern\" \/>\n<meta property=\"og:description\" content=\"H\u00e4r best\u00e4ller du antalet cyklar f\u00f6r din cykling l\u00e4ngs G\u00f6ta kanal. Du kan v\u00e4lja alltifr\u00e5n att cykla \u00f6ver dagen eller cykla i en hel vecka. All betalning sker p\u00e5 plats i Sj\u00f6torp med kort, kontant eller Swish. Vi har \u00f6ver 350 cyklar. Vid hyra av cykel ing\u00e5r cykelservice mellan kl. 09.30 \u2013 17.30 vid eventuella [...]\" \/>\n<meta property=\"og:url\" content=\"https:\/\/www.cykelsemester.se\/cykeluthyrning\/produkt\/bokning-av-cyklar-och-tillbehor\/\" \/>\n<meta property=\"og:site_name\" content=\"Cykelsemester | Cykla G\u00f6ta kanal med start i Sj\u00f6torp vid V\u00e4nern\" \/>\n<meta property=\"article:modified_time\" content=\"2026-01-27T08:17:13+00:00\" \/>\n<meta property=\"og:image\" content=\"https:\/\/www.cykelsemester.se\/cykeluthyrning\/wp-content\/uploads\/IMG-1671.jpg\" \/>\n\t<meta property=\"og:image:width\" content=\"1024\" \/>\n\t<meta property=\"og:image:height\" content=\"542\" \/>\n\t<meta property=\"og:image:type\" content=\"image\/jpeg\" \/>\n<meta name=\"twitter:card\" content=\"summary_large_image\" \/>\n<meta name=\"twitter:label1\" content=\"Ber\u00e4knad l\u00e4stid\" \/>\n\t<meta name=\"twitter:data1\" content=\"2 minuter\" \/>\n<script type=\"application\/ld+json\" class=\"yoast-schema-graph\">{\"@context\":\"https:\/\/schema.org\",\"@graph\":[{\"@type\":[\"WebPage\",\"ItemPage\"],\"@id\":\"https:\/\/www.cykelsemester.se\/cykeluthyrning\/produkt\/bokning-av-cyklar-och-tillbehor\/\",\"url\":\"https:\/\/www.cykelsemester.se\/cykeluthyrning\/produkt\/bokning-av-cyklar-och-tillbehor\/\",\"name\":\"Bokning av cyklar och tillbeh\u00f6r - Cykelsemester | Cykla G\u00f6ta kanal med start i Sj\u00f6torp vid V\u00e4nern\",\"isPartOf\":{\"@id\":\"https:\/\/www.cykelsemester.se\/cykeluthyrning\/#website\"},\"primaryImageOfPage\":{\"@id\":\"https:\/\/www.cykelsemester.se\/cykeluthyrning\/produkt\/bokning-av-cyklar-och-tillbehor\/#primaryimage\"},\"image\":{\"@id\":\"https:\/\/www.cykelsemester.se\/cykeluthyrning\/produkt\/bokning-av-cyklar-och-tillbehor\/#primaryimage\"},\"thumbnailUrl\":\"https:\/\/www.cykelsemester.se\/cykeluthyrning\/wp-content\/uploads\/IMG-1671.jpg\",\"datePublished\":\"2021-06-16T08:34:50+00:00\",\"dateModified\":\"2026-01-27T08:17:13+00:00\",\"breadcrumb\":{\"@id\":\"https:\/\/www.cykelsemester.se\/cykeluthyrning\/produkt\/bokning-av-cyklar-och-tillbehor\/#breadcrumb\"},\"inLanguage\":\"sv-SE\",\"potentialAction\":[{\"@type\":\"ReadAction\",\"target\":[\"https:\/\/www.cykelsemester.se\/cykeluthyrning\/produkt\/bokning-av-cyklar-och-tillbehor\/\"]}]},{\"@type\":\"ImageObject\",\"inLanguage\":\"sv-SE\",\"@id\":\"https:\/\/www.cykelsemester.se\/cykeluthyrning\/produkt\/bokning-av-cyklar-och-tillbehor\/#primaryimage\",\"url\":\"https:\/\/www.cykelsemester.se\/cykeluthyrning\/wp-content\/uploads\/IMG-1671.jpg\",\"contentUrl\":\"https:\/\/www.cykelsemester.se\/cykeluthyrning\/wp-content\/uploads\/IMG-1671.jpg\",\"width\":1024,\"height\":542},{\"@type\":\"BreadcrumbList\",\"@id\":\"https:\/\/www.cykelsemester.se\/cykeluthyrning\/produkt\/bokning-av-cyklar-och-tillbehor\/#breadcrumb\",\"itemListElement\":[{\"@type\":\"ListItem\",\"position\":1,\"name\":\"Hem\",\"item\":\"https:\/\/www.cykelsemester.se\/cykeluthyrning\/\"},{\"@type\":\"ListItem\",\"position\":2,\"name\":\"Webbutik\",\"item\":\"https:\/\/www.cykelsemester.se\/cykeluthyrning\/butik\/\"},{\"@type\":\"ListItem\",\"position\":3,\"name\":\"Bokning av cyklar och tillbeh\u00f6r\"}]},{\"@type\":\"WebSite\",\"@id\":\"https:\/\/www.cykelsemester.se\/cykeluthyrning\/#website\",\"url\":\"https:\/\/www.cykelsemester.se\/cykeluthyrning\/\",\"name\":\"Cykelsemester | Cykla G\u00f6ta kanal med start i Sj\u00f6torp vid V\u00e4nern\",\"description\":\"\",\"publisher\":{\"@id\":\"https:\/\/www.cykelsemester.se\/cykeluthyrning\/#organization\"},\"potentialAction\":[{\"@type\":\"SearchAction\",\"target\":{\"@type\":\"EntryPoint\",\"urlTemplate\":\"https:\/\/www.cykelsemester.se\/cykeluthyrning\/?s={search_term_string}\"},\"query-input\":{\"@type\":\"PropertyValueSpecification\",\"valueRequired\":true,\"valueName\":\"search_term_string\"}}],\"inLanguage\":\"sv-SE\"},{\"@type\":\"Organization\",\"@id\":\"https:\/\/www.cykelsemester.se\/cykeluthyrning\/#organization\",\"name\":\"Sj\u00f6torps Cykeluthyrning AB\",\"url\":\"https:\/\/www.cykelsemester.se\/cykeluthyrning\/\",\"logo\":{\"@type\":\"ImageObject\",\"inLanguage\":\"sv-SE\",\"@id\":\"https:\/\/www.cykelsemester.se\/cykeluthyrning\/#\/schema\/logo\/image\/\",\"url\":\"https:\/\/www.cykelsemester.se\/cykeluthyrning\/wp-content\/uploads\/cykelsemesterlogo.png\",\"contentUrl\":\"https:\/\/www.cykelsemester.se\/cykeluthyrning\/wp-content\/uploads\/cykelsemesterlogo.png\",\"width\":464,\"height\":142,\"caption\":\"Sj\u00f6torps Cykeluthyrning AB\"},\"image\":{\"@id\":\"https:\/\/www.cykelsemester.se\/cykeluthyrning\/#\/schema\/logo\/image\/\"}}]}<\/script>\n<!-- \/ Yoast SEO plugin. -->","yoast_head_json":{"title":"Bokning av cyklar och tillbeh\u00f6r - Cykelsemester | Cykla G\u00f6ta kanal med start i Sj\u00f6torp vid V\u00e4nern","robots":{"index":"index","follow":"follow","max-snippet":"max-snippet:-1","max-image-preview":"max-image-preview:large","max-video-preview":"max-video-preview:-1"},"canonical":"https:\/\/www.cykelsemester.se\/cykeluthyrning\/produkt\/bokning-av-cyklar-och-tillbehor\/","og_locale":"sv_SE","og_type":"article","og_title":"Bokning av cyklar och tillbeh\u00f6r - Cykelsemester | Cykla G\u00f6ta kanal med start i Sj\u00f6torp vid V\u00e4nern","og_description":"H\u00e4r best\u00e4ller du antalet cyklar f\u00f6r din cykling l\u00e4ngs G\u00f6ta kanal. Du kan v\u00e4lja alltifr\u00e5n att cykla \u00f6ver dagen eller cykla i en hel vecka. All betalning sker p\u00e5 plats i Sj\u00f6torp med kort, kontant eller Swish. Vi har \u00f6ver 350 cyklar. Vid hyra av cykel ing\u00e5r cykelservice mellan kl. 09.30 \u2013 17.30 vid eventuella [...]","og_url":"https:\/\/www.cykelsemester.se\/cykeluthyrning\/produkt\/bokning-av-cyklar-och-tillbehor\/","og_site_name":"Cykelsemester | Cykla G\u00f6ta kanal med start i Sj\u00f6torp vid V\u00e4nern","article_modified_time":"2026-01-27T08:17:13+00:00","og_image":[{"width":1024,"height":542,"url":"https:\/\/www.cykelsemester.se\/cykeluthyrning\/wp-content\/uploads\/IMG-1671.jpg","type":"image\/jpeg"}],"twitter_card":"summary_large_image","twitter_misc":{"Ber\u00e4knad l\u00e4stid":"2 minuter"},"schema":{"@context":"https:\/\/schema.org","@graph":[{"@type":["WebPage","ItemPage"],"@id":"https:\/\/www.cykelsemester.se\/cykeluthyrning\/produkt\/bokning-av-cyklar-och-tillbehor\/","url":"https:\/\/www.cykelsemester.se\/cykeluthyrning\/produkt\/bokning-av-cyklar-och-tillbehor\/","name":"Bokning av cyklar och tillbeh\u00f6r - Cykelsemester | Cykla G\u00f6ta kanal med start i Sj\u00f6torp vid V\u00e4nern","isPartOf":{"@id":"https:\/\/www.cykelsemester.se\/cykeluthyrning\/#website"},"primaryImageOfPage":{"@id":"https:\/\/www.cykelsemester.se\/cykeluthyrning\/produkt\/bokning-av-cyklar-och-tillbehor\/#primaryimage"},"image":{"@id":"https:\/\/www.cykelsemester.se\/cykeluthyrning\/produkt\/bokning-av-cyklar-och-tillbehor\/#primaryimage"},"thumbnailUrl":"https:\/\/www.cykelsemester.se\/cykeluthyrning\/wp-content\/uploads\/IMG-1671.jpg","datePublished":"2021-06-16T08:34:50+00:00","dateModified":"2026-01-27T08:17:13+00:00","breadcrumb":{"@id":"https:\/\/www.cykelsemester.se\/cykeluthyrning\/produkt\/bokning-av-cyklar-och-tillbehor\/#breadcrumb"},"inLanguage":"sv-SE","potentialAction":[{"@type":"ReadAction","target":["https:\/\/www.cykelsemester.se\/cykeluthyrning\/produkt\/bokning-av-cyklar-och-tillbehor\/"]}]},{"@type":"ImageObject","inLanguage":"sv-SE","@id":"https:\/\/www.cykelsemester.se\/cykeluthyrning\/produkt\/bokning-av-cyklar-och-tillbehor\/#primaryimage","url":"https:\/\/www.cykelsemester.se\/cykeluthyrning\/wp-content\/uploads\/IMG-1671.jpg","contentUrl":"https:\/\/www.cykelsemester.se\/cykeluthyrning\/wp-content\/uploads\/IMG-1671.jpg","width":1024,"height":542},{"@type":"BreadcrumbList","@id":"https:\/\/www.cykelsemester.se\/cykeluthyrning\/produkt\/bokning-av-cyklar-och-tillbehor\/#breadcrumb","itemListElement":[{"@type":"ListItem","position":1,"name":"Hem","item":"https:\/\/www.cykelsemester.se\/cykeluthyrning\/"},{"@type":"ListItem","position":2,"name":"Webbutik","item":"https:\/\/www.cykelsemester.se\/cykeluthyrning\/butik\/"},{"@type":"ListItem","position":3,"name":"Bokning av cyklar och tillbeh\u00f6r"}]},{"@type":"WebSite","@id":"https:\/\/www.cykelsemester.se\/cykeluthyrning\/#website","url":"https:\/\/www.cykelsemester.se\/cykeluthyrning\/","name":"Cykelsemester | Cykla G\u00f6ta kanal med start i Sj\u00f6torp vid V\u00e4nern","description":"","publisher":{"@id":"https:\/\/www.cykelsemester.se\/cykeluthyrning\/#organization"},"potentialAction":[{"@type":"SearchAction","target":{"@type":"EntryPoint","urlTemplate":"https:\/\/www.cykelsemester.se\/cykeluthyrning\/?s={search_term_string}"},"query-input":{"@type":"PropertyValueSpecification","valueRequired":true,"valueName":"search_term_string"}}],"inLanguage":"sv-SE"},{"@type":"Organization","@id":"https:\/\/www.cykelsemester.se\/cykeluthyrning\/#organization","name":"Sj\u00f6torps Cykeluthyrning AB","url":"https:\/\/www.cykelsemester.se\/cykeluthyrning\/","logo":{"@type":"ImageObject","inLanguage":"sv-SE","@id":"https:\/\/www.cykelsemester.se\/cykeluthyrning\/#\/schema\/logo\/image\/","url":"https:\/\/www.cykelsemester.se\/cykeluthyrning\/wp-content\/uploads\/cykelsemesterlogo.png","contentUrl":"https:\/\/www.cykelsemester.se\/cykeluthyrning\/wp-content\/uploads\/cykelsemesterlogo.png","width":464,"height":142,"caption":"Sj\u00f6torps Cykeluthyrning AB"},"image":{"@id":"https:\/\/www.cykelsemester.se\/cykeluthyrning\/#\/schema\/logo\/image\/"}}]}},"_links":{"self":[{"href":"https:\/\/www.cykelsemester.se\/cykeluthyrning\/wp-json\/wp\/v2\/product\/886","targetHints":{"allow":["GET"]}}],"collection":[{"href":"https:\/\/www.cykelsemester.se\/cykeluthyrning\/wp-json\/wp\/v2\/product"}],"about":[{"href":"https:\/\/www.cykelsemester.se\/cykeluthyrning\/wp-json\/wp\/v2\/types\/product"}],"wp:featuredmedia":[{"embeddable":true,"href":"https:\/\/www.cykelsemester.se\/cykeluthyrning\/wp-json\/wp\/v2\/media\/1019"}],"wp:attachment":[{"href":"https:\/\/www.cykelsemester.se\/cykeluthyrning\/wp-json\/wp\/v2\/media?parent=886"}],"wp:term":[{"taxonomy":"product_brand","embeddable":true,"href":"https:\/\/www.cykelsemester.se\/cykeluthyrning\/wp-json\/wp\/v2\/product_brand?post=886"},{"taxonomy":"product_cat","embeddable":true,"href":"https:\/\/www.cykelsemester.se\/cykeluthyrning\/wp-json\/wp\/v2\/product_cat?post=886"},{"taxonomy":"product_tag","embeddable":true,"href":"https:\/\/www.cykelsemester.se\/cykeluthyrning\/wp-json\/wp\/v2\/product_tag?post=886"}],"curies":[{"name":"wp","href":"https:\/\/api.w.org\/{rel}","templated":true}]}}